{"id":2576,"date":"2023-11-30T14:09:33","date_gmt":"2023-11-30T13:09:33","guid":{"rendered":"https:\/\/act12.fundacionmanantial.org\/servicios-de-salud-mental\/programas-de-ocio-en-salud-mental\/"},"modified":"2023-12-26T21:32:36","modified_gmt":"2023-12-26T20:32:36","slug":"leisure-programmes-for-mental-health","status":"publish","type":"page","link":"https:\/\/www.fundacionmanantial.org\/en\/mental-health-services\/leisure-programmes-for-mental-health\/","title":{"rendered":"Leisure Programmes for Mental Health: Social Connection and Well-being at Fundaci\u00f3n Manantial"},"content":{"rendered":"\n<p>At Fundaci\u00f3n Manantial, we deeply value the importance of leisure and recreation in improving the quality of life for people with mental health disorders. Since 2009, our focus has been on offering enriching activities, encouraging companionship and enjoyment of life in a relaxed and friendly atmosphere.<\/p>\n\n\n\n<h2 class=\"wp-block-heading\">Leisure and Mental Health: Wide Range of Activities<\/h2>\n\n\n\n<p>We offer a variety of recreational activities, from outdoor excursions to cultural programmes such as theatre and music. Each activity is designed to be accessible, enjoyable, enriching and adapted to the participants\u2019 individual preferences.<\/p>\n\n\n\n<h3 class=\"wp-block-heading\">Hiking: Connecting with Nature<\/h3>\n\n\n\n<p>Hiking, one of our most popular activities, allows participants to connect with nature and bask in the tranquillity of the natural environment. We believe in the healing power of the outdoors for the physical and mental health.<\/p>\n\n\n\n<h2 class=\"wp-block-heading\">Our Extensive Leisure Programme<\/h2>\n\n\n\n<h3 class=\"wp-block-heading\">Interactive Hiking Guide<\/h3>\n\n\n\n<p>We\u2019ve put together an interactive hiking guide to make it easy to explore nature trails. This guide is designed to be reliable, user-friendly and interesting so that the participants can enjoy the beauty of nature in a comfortable and safe manner.<\/p>\n\n\n\n<h3 class=\"wp-block-heading\">Wide Range of Trails for Everyone<\/h3>\n\n\n\n<p>The hiking trails include diverse landscapes of the Iberian Peninsula, from the Sierra de Guadarrama mountain range to the Serran\u00eda de Cuenca natural park. Each route has been carefully selected and explained to ensure a rewarding and safe experience for all skill levels.<\/p>\n\n\n\n<p>The routes described are found along two mountain systems of the Iberian Peninsula, clearly differentiated but with certain common characteristics: the Central System (Routes of the southwest area, Guadarrama, Ayll\u00f3n and El Rinc\u00f3n) and the Iberian System (Routes of Cuenca).<\/p>\n\n\n\n<div class=\"wp-block-gutena-accordion gutena-accordion-block gutena-accordion-block-028863-1f is-layout-flow wp-block-gutena-accordion-is-layout-flow\" data-single=\"false\">\n<div class=\"wp-block-gutena-accordion-panel gutena-accordion-block__panel\">\n<div class=\"wp-block-gutena-accordion-panel-title gutena-accordion-block__panel-title\"><div class=\"gutena-accordion-block__panel-title-inner\">\n<h4 class=\"wp-block-heading has-text-align-left\" style=\"margin-top:0px;margin-right:0px;margin-bottom:0px;margin-left:0px\">Hiking Guide <\/h4>\n<div class=\"trigger-up-down\"><div class=\"horizontal\"><\/div><div class=\"vertical\"><\/div><\/div><\/div><\/div>\n\n\n\n<div class=\"wp-block-gutena-accordion-panel-content gutena-accordion-block__panel-content\"><div class=\"gutena-accordion-block__panel-content-inner\">\n<ol class=\"wp-block-list\" start=\"1\">\n<li><strong>Serran\u00eda de Cuenca <\/strong><\/li>\n<\/ol>\n\n\n\n<ul class=\"wp-block-list\">\n<li>El Escaler\u00f3n <\/li>\n\n\n\n<li>Ca\u00f1\u00f3n del R\u00edo J\u00facar <\/li>\n<\/ul>\n\n\n\n<ol class=\"wp-block-list\" start=\"2\">\n<li><strong>Sierra de Guadarrama (vertiente madrile\u00f1a) <\/strong><\/li>\n<\/ol>\n\n\n\n<ul class=\"wp-block-list\">\n<li>Ca\u00f1\u00f3n R\u00edo Lozoya <\/li>\n\n\n\n<li>Arroyo de la Angostura <\/li>\n\n\n\n<li>Cascada del Purgatorio <\/li>\n\n\n\n<li>Guadalix-Azud del Mesto <\/li>\n\n\n\n<li>Chorrera de Mojanavalle <\/li>\n<\/ul>\n\n\n\n<ol class=\"wp-block-list\" start=\"3\">\n<li><strong>Sierra de Ayll\u00f3n (Guadalajara) <\/strong><\/li>\n<\/ol>\n\n\n\n<ul class=\"wp-block-list\">\n<li>R\u00edo Ermito <\/li>\n\n\n\n<li>Cascada del Aljibe y Matallana <\/li>\n\n\n\n<li>Iglesia Santa Mar\u00eda del Vado-La Vereda <\/li>\n<\/ul>\n\n\n\n<ol class=\"wp-block-list\" start=\"4\">\n<li><strong>Sierra del Rinc\u00f3n <\/strong><\/li>\n<\/ol>\n\n\n\n<ul class=\"wp-block-list\">\n<li>Pont\u00f3n de la Oliva <\/li>\n\n\n\n<li>Pe\u00f1a de la Cabra <\/li>\n\n\n\n<li>Zona recreativa El Molino <\/li>\n\n\n\n<li>Presa El Portillo <\/li>\n<\/ul>\n\n\n\n<ol class=\"wp-block-list\" start=\"5\">\n<li><strong>Zona Suroeste <\/strong><\/li>\n<\/ol>\n\n\n\n<ul class=\"wp-block-list\">\n<li>Molinos del R\u00edo Perales <\/li>\n\n\n\n<li>R\u00edo Cofio <\/li>\n\n\n\n<li>Yelmo de San Juan <\/li>\n\n\n\n<li>Embalse de Picadas <\/li>\n<\/ul>\n\n\n\n<ol class=\"wp-block-list\" start=\"6\">\n<li><strong>Sierra de Guadarrama (vertiente segoviana) <\/strong><\/li>\n<\/ol>\n\n\n\n<ul class=\"wp-block-list\">\n<li>R\u00edo Pir\u00f3n <\/li>\n\n\n\n<li>Chorro Grande (La Granja) <\/li>\n<\/ul>\n<\/div><\/div>\n<\/div>\n<\/div>\n\n\n\n<h2 class=\"wp-block-heading\">Impact of Leisure on Recovery and Well-being<\/h2>\n\n\n\n<h3 class=\"wp-block-heading\">Benefits of Leisure on Mental Health<\/h3>\n\n\n\n<p>Leisure activities are more than just fun; they play a crucial role in mental health. They stimulate physical activity, provide relaxation, nurture positive social interactions, and boost self-esteem and self-confidence.<\/p>\n\n\n\n<h3 class=\"wp-block-heading\">Companionship and Community<\/h3>\n\n\n\n<p>Through our activities, participants get a chance to gain friendships and a sense of belonging, two fundamental factors in emotional well-being. These shared experiences in an environment of companionship and mutual support are essential for personal growth and healing.<\/p>\n\n\n\n<h2 class=\"wp-block-heading\">Expanding our Leisure Programmes<\/h2>\n\n\n\n<div class=\"wp-block-gutena-accordion gutena-accordion-block gutena-accordion-block-563a69-3f is-layout-flow wp-block-gutena-accordion-is-layout-flow\" data-single=\"false\">\n<div class=\"wp-block-gutena-accordion-panel gutena-accordion-block__panel\">\n<div class=\"wp-block-gutena-accordion-panel-title gutena-accordion-block__panel-title\"><div class=\"gutena-accordion-block__panel-title-inner\">\n<h3 class=\"wp-block-heading has-text-align-left\" style=\"margin-top:0px;margin-right:0px;margin-bottom:0px;margin-left:0px\">New Activities and Experiences<\/h3>\n<div class=\"trigger-up-down\"><div class=\"horizontal\"><\/div><div class=\"vertical\"><\/div><\/div><\/div><\/div>\n\n\n\n<div class=\"wp-block-gutena-accordion-panel-content gutena-accordion-block__panel-content\"><div class=\"gutena-accordion-block__panel-content-inner\">\n<p style=\"margin-top:0;margin-bottom:0\">We constantly seek to expand and diversify our leisure programmes. So, we regularly introduce new activities and experiences that respond to our participants\u2019 changing needs and demands.<\/p>\n<\/div><\/div>\n<\/div>\n\n\n\n<div class=\"wp-block-gutena-accordion-panel gutena-accordion-block__panel\">\n<div class=\"wp-block-gutena-accordion-panel-title gutena-accordion-block__panel-title\"><div class=\"gutena-accordion-block__panel-title-inner\">\n<h3 class=\"wp-block-heading has-text-align-left\" style=\"margin-top:0px;margin-right:0px;margin-bottom:0px;margin-left:0px\">Art and Creative Stimulation<\/h3>\n<div class=\"trigger-up-down\"><div class=\"horizontal\"><\/div><div class=\"vertical\"><\/div><\/div><\/div><\/div>\n\n\n\n<div class=\"wp-block-gutena-accordion-panel-content gutena-accordion-block__panel-content\"><div class=\"gutena-accordion-block__panel-content-inner\">\n<p style=\"margin-top:0;margin-bottom:0\">In addition to outdoor activities, we incorporate art into our programmes to inspire creativity. Art, music, and theatre workshops offer our participants alternative forms of self-expression and personal development.<\/p>\n<\/div><\/div>\n<\/div>\n\n\n\n<div class=\"wp-block-gutena-accordion-panel gutena-accordion-block__panel\">\n<div class=\"wp-block-gutena-accordion-panel-title gutena-accordion-block__panel-title\"><div class=\"gutena-accordion-block__panel-title-inner\">\n<h3 class=\"wp-block-heading has-text-align-left\" style=\"margin-top:0px;margin-right:0px;margin-bottom:0px;margin-left:0px\">Community Events and Social Participation<\/h3>\n<div class=\"trigger-up-down\"><div class=\"horizontal\"><\/div><div class=\"vertical\"><\/div><\/div><\/div><\/div>\n\n\n\n<div class=\"wp-block-gutena-accordion-panel-content gutena-accordion-block__panel-content\"><div class=\"gutena-accordion-block__panel-content-inner\">\n<p style=\"margin-top:0;margin-bottom:0\">We organise community events and social engagement opportunities to allow participants to interact with a broader community, thus breaking down barriers and promoting inclusion.<\/p>\n<\/div><\/div>\n<\/div>\n<\/div>\n\n\n\n<h2 class=\"wp-block-heading\">Conclusion: Leisure as a Tool for Well-being<\/h2>\n\n\n\n<p>At Fundaci\u00f3n Manantial, we firmly believe in leisure as an effective tool for improving mental health and general well-being. Our programmes are designed to deliver meaningful experiences that enrich the lives of people with mental health conditions. They can empower to cultivate happiness, social connection, and a sense of accomplishment.<\/p>\n\n\n\n<p>We welcome all those interested to join us in these leisure programmes by participating in the activities or supporting our work. Together, we can make a meaningful difference in the lives of the participants. <\/p>\n\n\n\n<div class=\"wp-block-buttons is-layout-flex wp-block-buttons-is-layout-flex\">\n<div class=\"wp-block-button\"><a class=\"wp-block-button__link has-white-color has-text-color has-background has-link-color wp-element-button\" href=\"mailto:empleo@manantialintegra.org\" style=\"border-radius:5px;background-color:#004591\">Send CV<\/a><\/div>\n<\/div>\n\n\n<div class='fluentform ff-default fluentform_wrapper_11 .oi-center-block ff_guten_block ff_guten_block-11 ffs_custom_wrap'><form data-form_id=\"11\" id=\"fluentform_11\" class=\"frm-fluent-form fluent_form_11 ff-el-form-top ff_form_instance_11_1 ff-form-loading ffs_custom\" data-form_instance=\"ff_form_instance_11_1\" method=\"POST\" ><fieldset  style=\"border: none!important;margin: 0!important;padding: 0!important;background-color: transparent!important;box-shadow: none!important;outline: none!important; min-inline-size: 100%;\">\n                    <legend class=\"ff_screen_reader_title\" style=\"display: block; margin: 0!important;padding: 0!important;height: 0!important;text-indent: -999999px;width: 0!important;overflow:hidden;\">Formulario Gu\u00eda Senderismo (#11)<\/legend><input type='hidden' name='__fluent_form_embded_post_id' value='2576' \/><input type=\"hidden\" id=\"_fluentform_11_fluentformnonce\" name=\"_fluentform_11_fluentformnonce\" value=\"5a5bf91de8\" \/><input type=\"hidden\" name=\"_wp_http_referer\" value=\"\/en\/wp-json\/wp\/v2\/pages\/2576\" \/><div class='ff-el-group  ff-custom_html' tabindex='-1' data-name=\"custom_html-11_1\" ><h3>Gu\u00eda de senderismo<\/h3><\/div><div data-type=\"name-element\" data-name=\"nombre\" class=\" ff-field_container ff-name-field-wrapper\" ><div class='ff-t-container'><div class='ff-t-cell '><div class='ff-el-group  ff-el-form-hide_label'><div class=\"ff-el-input--label ff-el-is-required asterisk-right\"><label for='ff_11_nombre_first_name_' id='label_ff_11_nombre_first_name_' >Nombre<\/label><\/div><div class='ff-el-input--content'><input type=\"text\" name=\"nombre[first_name]\" id=\"ff_11_nombre_first_name_\" class=\"ff-el-form-control\" placeholder=\"Nombre\" aria-invalid=\"false\" aria-required=true><\/div><\/div><\/div><div class='ff-t-cell '><div class='ff-el-group  ff-el-form-hide_label'><div class=\"ff-el-input--label ff-el-is-required asterisk-right\"><label for='ff_11_nombre_last_name_' id='label_ff_11_nombre_last_name_' >Apellidos<\/label><\/div><div class='ff-el-input--content'><input type=\"text\" name=\"nombre[last_name]\" id=\"ff_11_nombre_last_name_\" class=\"ff-el-form-control\" placeholder=\"Apellidos\" aria-invalid=\"false\" aria-required=true><\/div><\/div><\/div><\/div><\/div><div class='ff-el-group ff-el-form-hide_label'><div class=\"ff-el-input--label asterisk-right\"><label for='ff_11_input_text' id='label_ff_11_input_text' aria-label=\"Entidad\">Entidad<\/label><\/div><div class='ff-el-input--content'><input type=\"text\" name=\"input_text\" class=\"ff-el-form-control\" placeholder=\"Entidad\" data-name=\"input_text\" id=\"ff_11_input_text\"  aria-invalid=\"false\" aria-required=false><\/div><\/div><div class='ff-el-group ff-el-form-hide_label'><div class=\"ff-el-input--label ff-el-is-required asterisk-right\"><label for='ff_11_email' id='label_ff_11_email' aria-label=\"Correo Electr\u00f3nico\">Correo Electr\u00f3nico<\/label><\/div><div class='ff-el-input--content'><input type=\"email\" name=\"email\" id=\"ff_11_email\" class=\"ff-el-form-control\" placeholder=\"Email - Aqu\u00ed recibir\u00e1s tu gu\u00eda\" data-name=\"email\"  aria-invalid=\"false\" aria-required=true><\/div><\/div><div class='ff-el-group    ff-el-input--content'><div class='ff-el-form-check ff-el-tc'><label aria-label='Terms and Conditions: He le\u00eddo y acepto los T\u00e9rminos de Uso y la Pol\u00edtica de Privacidad de la web. Contains 2 links. Use tab navigation to review.' class='ff-el-form-check-label ff_tc_label' for=terms-n-condition_3aa68e52216d26dfc3f915362eb575b3><span class='ff_tc_checkbox'><input type=\"checkbox\" name=\"terms-n-condition\" class=\"ff-el-form-check-input\" data-name=\"terms-n-condition\" id=\"terms-n-condition_3aa68e52216d26dfc3f915362eb575b3\"  value='on' aria-invalid='false' aria-required=true><\/span> <div class='ff_t_c'><p>He le\u00eddo y acepto los <a href=\"https:\/\/fundacionmanantial.org\/aviso-legal\/\" target=\"_blank\" rel=\"noopener\">T\u00e9rminos de Uso<\/a> y la <a href=\"https:\/\/fundacionmanantial.org\/politica-de-privacidad\/\" target=\"_blank\" rel=\"noopener\">Pol\u00edtica de Privacidad<\/a> de la web.<\/p><\/div><\/label><\/div><\/div><div class='ff-el-group ff-text-left ff_submit_btn_wrapper'><button type=\"submit\" class=\"ff-btn ff-btn-submit ff-btn-md ff_btn_style\"  aria-label=\"Enviar\">Enviar<\/button><\/div><\/fieldset><\/form><div id='fluentform_11_errors' class='ff-errors-in-stack ff_form_instance_11_1 ff-form-loading_errors ff_form_instance_11_1_errors'><\/div><\/div>            <script type=\"text\/javascript\">\n                window.fluent_form_ff_form_instance_11_1 = {\"id\":\"11\",\"settings\":{\"layout\":{\"labelPlacement\":\"top\",\"helpMessagePlacement\":\"with_label\",\"errorMessagePlacement\":\"inline\",\"cssClassName\":\"\",\"asteriskPlacement\":\"asterisk-right\"},\"restrictions\":{\"denyEmptySubmission\":{\"enabled\":false}}},\"form_instance\":\"ff_form_instance_11_1\",\"form_id_selector\":\"fluentform_11\",\"rules\":{\"nombre[first_name]\":{\"required\":{\"value\":true,\"message\":\"Este campo es obligatorio\",\"global\":false,\"global_message\":\"This field is required\"}},\"nombre[middle_name]\":{\"required\":{\"value\":false,\"message\":\"This field is required\",\"global\":false,\"global_message\":\"This field is required\"}},\"nombre[last_name]\":{\"required\":{\"value\":true,\"message\":\"Este campo es obligatorio\",\"global\":false,\"global_message\":\"This field is required\"}},\"input_text\":{\"required\":{\"value\":false,\"message\":\"Este campo es obligatorio\",\"global_message\":\"This field is required\",\"global\":true}},\"email\":{\"required\":{\"value\":true,\"message\":\"Este campo es obligatorio\",\"global\":false,\"global_message\":\"This field is required\"},\"email\":{\"value\":true,\"message\":\"Este campo debe contener un email v\\u00e1lido\",\"global\":false,\"global_message\":\"Este campo debe contener un correo electr\\u00f3nico v\\u00e1lido\"}},\"terms-n-condition\":{\"required\":{\"value\":true,\"message\":\"Debes aceptar la Pol\\u00edtica de Privacidad\",\"global_message\":\"This field is required\",\"global\":false}}},\"debounce_time\":300};\n                            <\/script>\n            ","protected":false},"excerpt":{"rendered":"<p>At Fundaci\u00f3n Manantial, we deeply value the importance of leisure and recreation in improving the quality of life for people with mental health disorders. Since 2009, our focus has been on offering enriching activities, encouraging companionship and enjoyment of life in a relaxed and friendly atmosphere. Leisure and Mental Health: Wide Range of Activities We [&hellip;]<\/p>\n","protected":false},"author":1,"featured_media":5862,"parent":2546,"menu_order":0,"comment_status":"closed","ping_status":"closed","template":"","meta":{"_acf_changed":false,"give_campaign_id":0,"_seopress_robots_primary_cat":"","_seopress_titles_title":"Leisure Programmes for Mental Health: Social Connection and Well-being at Fundaci\u00f3n Manantial","_seopress_titles_desc":"Discover Fundaci\u00f3n Manantial\u2019s leisure programmes for mental health. Activities like hiking and travel enrich the lives of people with mental health conditions. They foster well-being, social connection and healthy relationship with nature.","_seopress_robots_index":"","footnotes":""},"class_list":["post-2576","page","type-page","status-publish","has-post-thumbnail","hentry"],"acf":[],"campaignId":"","_links":{"self":[{"href":"https:\/\/www.fundacionmanantial.org\/en\/wp-json\/wp\/v2\/pages\/2576","targetHints":{"allow":["GET"]}}],"collection":[{"href":"https:\/\/www.fundacionmanantial.org\/en\/wp-json\/wp\/v2\/pages"}],"about":[{"href":"https:\/\/www.fundacionmanantial.org\/en\/wp-json\/wp\/v2\/types\/page"}],"author":[{"embeddable":true,"href":"https:\/\/www.fundacionmanantial.org\/en\/wp-json\/wp\/v2\/users\/1"}],"replies":[{"embeddable":true,"href":"https:\/\/www.fundacionmanantial.org\/en\/wp-json\/wp\/v2\/comments?post=2576"}],"version-history":[{"count":0,"href":"https:\/\/www.fundacionmanantial.org\/en\/wp-json\/wp\/v2\/pages\/2576\/revisions"}],"up":[{"embeddable":true,"href":"https:\/\/www.fundacionmanantial.org\/en\/wp-json\/wp\/v2\/pages\/2546"}],"wp:featuredmedia":[{"embeddable":true,"href":"https:\/\/www.fundacionmanantial.org\/en\/wp-json\/wp\/v2\/media\/5862"}],"wp:attachment":[{"href":"https:\/\/www.fundacionmanantial.org\/en\/wp-json\/wp\/v2\/media?parent=2576"}],"curies":[{"name":"wp","href":"https:\/\/api.w.org\/{rel}","templated":true}]}}