{"id":2568,"date":"2023-12-05T13:06:18","date_gmt":"2023-12-05T12:06:18","guid":{"rendered":"https:\/\/act12.fundacionmanantial.org\/salud-mental\/"},"modified":"2023-12-26T20:22:04","modified_gmt":"2023-12-26T19:22:04","slug":"mental-health","status":"publish","type":"page","link":"https:\/\/www.fundacionmanantial.org\/en\/mental-health\/","title":{"rendered":"ABOUT US"},"content":{"rendered":"\n<p>Since 1995, Fundaci\u00f3n Manantial, a non-profit organisation, has been dedicated to revolutionising health and social care for mental health. Born from the initiative of family associations, our foundation focuses on the comprehensive recovery of people with mental health conditions. We offer a range of services, including social care, employment opportunities, legal protection and reintegration from the penal system. Our prevention programmes, early intervention, and psychotherapeutic activities are designed to fully integrate people into society, reaffirming our commitment to holistic well-being. The main funding of our foundation comes from services provided and contracts with the Public Administration, accompanied by the support of private entities.<\/p>\n\n\n\n<h2 class=\"wp-block-heading\">Discover the pillars that guide our work in the field of mental health<\/h2>\n\n\n\n<p>MISSION: We are committed to significantly improving the lives of people with mental health issues by providing high-quality, comprehensive care.<\/p>\n\n\n\n<p>VISION: We aspire to be the leading organisation in social care for mental health, offering unparalleled prevention, early intervention, and empowerment to people in their recovery process while always respecting their rights.<\/p>\n\n\n\n<p>VALUES: Our work is governed by an unwavering loyalty to our mission, transparency, quality of management, job stability, independence and non-discrimination.<\/p>\n\n\n\n<h3 class=\"wp-block-heading\">PRINCIPLES OF OUR INTERVENTION MODEL<\/h3>\n\n\n\n<p>Our focus is always on the people as we accompany the individuals and their families with extensive participation in their recovery processes while respecting their rights and freedom and providing necessary support.<\/p>\n\n\n\n<h3 class=\"wp-block-heading\">SOCIAL RESPONSIBILITY<\/h3>\n\n\n\n<p>We constantly make efforts to contribute to social, environmental and economic development, recognising an integral responsibility towards all the entity\u2019s stakeholders. We adhere to the UN Global Compact, reinforcing our commitment to sustainability principles and actively contributing to the 2030 Agenda and the Sustainable Development Goals (SDGs).<\/p>\n\n\n\n<p class=\"has-text-align-right ampliar-informacion\"><a href=\"https:\/\/fundacionmanantial.org\/en\/transparencia\/responsabilidad-social\/\" data-type=\"link\" data-id=\"https:\/\/fundacionmanantial.org\/transparencia\/responsabilidad-social\/\" target=\"_blank\" rel=\"noreferrer noopener\">More Info<\/a><\/p>\n\n\n\n<h3 class=\"wp-block-heading\">MANANTIAL IN FIGURES<\/h3>\n\n\n\n<p>Learn about our impact through key figures: the number of people assisted annually, centres managed in different communities, the composition of our dedicated team, and our efforts in employment and prevention.<\/p>\n\n\n\n<div class=\"wp-block-gutena-accordion gutena-accordion-block gutena-accordion-block-564ee9-67 is-layout-flow wp-block-gutena-accordion-is-layout-flow\" data-single=\"false\">\n<div class=\"wp-block-gutena-accordion-panel gutena-accordion-block__panel\">\n<div class=\"wp-block-gutena-accordion-panel-title gutena-accordion-block__panel-title\"><div class=\"gutena-accordion-block__panel-title-inner\">\n<h4 class=\"wp-block-heading has-text-align-left\" style=\"margin-top:0px;margin-right:0px;margin-bottom:0px;margin-left:0px\">OUR YEAR IN FIGURES<\/h4>\n<div class=\"trigger-up-down\"><div class=\"horizontal\"><\/div><div class=\"vertical\"><\/div><\/div><\/div><\/div>\n\n\n\n<div class=\"wp-block-gutena-accordion-panel-content gutena-accordion-block__panel-content\"><div class=\"gutena-accordion-block__panel-content-inner\">\n<h5 class=\"wp-block-heading\">PEOPLE SERVED<\/h5>\n\n\n\n<p>We accompany and attend to almost 3,000 people a year through the social care centres, programmes and services offered by Fundaci\u00f3n Manantial to people with mental health <a>conditions <\/a>and their families.<\/p>\n\n\n\n<h5 class=\"wp-block-heading\">CENTRES<\/h5>\n\n\n\n<p>We manage 45 centres of the Social Care Network for people with Mental Illness in the autonomous community of Madrid: 5 Care Homes, 5 Psychosocial Rehabilitation Centres, 6 Vocational Rehabilitation Centres, 6 Day Centres, 14 Supervised Apartments and 9 Community Social Support Teams. In the autonomous community of Valencia, we manage a Community Care Home, a Day Centre, 2 Rehabilitation and Social Integration Centres (CRIS) and 3 Supervised Homes.<\/p>\n\n\n\n<h5 class=\"wp-block-heading\">OUR TEAM<\/h5>\n\n\n\n<p>Our staff is a team of 631 individuals committed to our objective, of which 420 are professionals from the social, healthcare and legal sectors and 234 work in our Special Employment Centre, Manantial Integra.<\/p>\n\n\n\n<h5 class=\"wp-block-heading\">EMPLOYMENT<\/h5>\n\n\n\n<p>More than 200 people are employed through the Manantial Integra Special Employment Centre, 254 through the Vocational Rehabilitation Centres, 49 through the Incorporate and Reincorporate Programmes, and 17 through the Integrated Itineraries Programme for social and vocational integration.<\/p>\n\n\n\n<h5 class=\"wp-block-heading\">PREVENTION<\/h5>\n\n\n\n<p>143 people and their families received support over the past year under our \u2018Casa Verde\u2019 (Green House) prevention project.<\/p>\n\n\n\n<p class=\"has-text-align-center\"><a href=\"https:\/\/fundacionmanantial.org\/wp-content\/uploads\/2023\/12\/Memoria-fundacion-manantial-2022.pdf\" target=\"_blank\" rel=\"noreferrer noopener\">See Our Memory<\/a><\/p>\n<\/div><\/div>\n<\/div>\n<\/div>\n\n\n\n<h3 class=\"wp-block-heading\">OUR ORGANISATION<\/h3>\n\n\n\n<div class=\"wp-block-gutena-accordion gutena-accordion-block gutena-accordion-block-733ff9-56 is-layout-flow wp-block-gutena-accordion-is-layout-flow\" data-single=\"false\">\n<div class=\"wp-block-gutena-accordion-panel gutena-accordion-block__panel\">\n<div class=\"wp-block-gutena-accordion-panel-title gutena-accordion-block__panel-title\"><div class=\"gutena-accordion-block__panel-title-inner\">\n<h4 class=\"wp-block-heading has-text-align-left\" style=\"margin-top:0px;margin-right:0px;margin-bottom:0px;margin-left:0px\">BOARD<\/h4>\n<div class=\"trigger-up-down\"><div class=\"horizontal\"><\/div><div class=\"vertical\"><\/div><\/div><\/div><\/div>\n\n\n\n<div class=\"wp-block-gutena-accordion-panel-content gutena-accordion-block__panel-content\"><div class=\"gutena-accordion-block__panel-content-inner\">\n<figure class=\"wp-block-gallery has-nested-images columns-default is-cropped wp-block-gallery-1 is-layout-flex wp-block-gallery-is-layout-flex\">\n<figure class=\"wp-block-image size-full\"><img decoding=\"async\" width=\"792\" height=\"592\" data-id=\"3082\" src=\"https:\/\/fundacionmanantial.org\/wp-content\/uploads\/2023\/12\/Organization-chart.png\" alt=\"\" class=\"wp-image-3082\" srcset=\"https:\/\/www.fundacionmanantial.org\/wp-content\/uploads\/2023\/12\/Organization-chart.png 792w, https:\/\/www.fundacionmanantial.org\/wp-content\/uploads\/2023\/12\/Organization-chart-300x224.png 300w, https:\/\/www.fundacionmanantial.org\/wp-content\/uploads\/2023\/12\/Organization-chart-768x574.png 768w\" sizes=\"(max-width: 792px) 100vw, 792px\" \/><\/figure>\n<\/figure>\n<\/div><\/div>\n<\/div>\n<\/div>\n\n\n\n<div class=\"wp-block-gutena-accordion gutena-accordion-block gutena-accordion-block-71e12e-02 is-layout-flow wp-block-gutena-accordion-is-layout-flow\" data-single=\"false\">\n<div class=\"wp-block-gutena-accordion-panel gutena-accordion-block__panel\">\n<div class=\"wp-block-gutena-accordion-panel-title gutena-accordion-block__panel-title\"><div class=\"gutena-accordion-block__panel-title-inner\">\n<h4 class=\"wp-block-heading has-text-align-left\" style=\"margin-top:0px;margin-right:0px;margin-bottom:0px;margin-left:0px\">PATRONAGE<\/h4>\n<div class=\"trigger-up-down\"><div class=\"horizontal\"><\/div><div class=\"vertical\"><\/div><\/div><\/div><\/div>\n\n\n\n<div class=\"wp-block-gutena-accordion-panel-content gutena-accordion-block__panel-content\"><div class=\"gutena-accordion-block__panel-content-inner\">\n<p><strong>Presidente:<\/strong>&nbsp;<\/p>\n\n\n\n<p>Francisco Sardina Ventosa. Miembro independiente.&nbsp;<\/p>\n\n\n\n<p><strong>Vicepresidenta:<\/strong>&nbsp;<\/p>\n\n\n\n<p>Ana Ortells. Asociaci\u00f3n de familiares para los derechos de las personas con enfermedad mental (AFDEM).&nbsp;<\/p>\n\n\n\n<p><strong>Secretario no patrono:<\/strong>&nbsp;<\/p>\n\n\n\n<p>Gregorio Bercedo Franc\u00e9s&nbsp;<\/p>\n\n\n\n<p><strong>Vocales:<\/strong>&nbsp;<\/p>\n\n\n\n<p>Asociaci\u00f3n Salud y Alternativas de Vida (ASAV). Olga Real Najarro.&nbsp;<\/p>\n\n\n\n<p>Asociaci\u00f3n Psiquiatr\u00eda y Vida. Lourdes Pau.&nbsp;<\/p>\n\n\n\n<p>Asociaci\u00f3n Salud Mental Madrid Este (ASME). Rafael Salazar de Andr\u00e9s&nbsp;<\/p>\n\n\n\n<p>Asociaci\u00f3n Madrile\u00f1a de Amigos y Familiares de personas con Esquizofrenia (AMAFE). Ana Mar\u00eda Miralles Mart\u00edn.&nbsp;<\/p>\n\n\n\n<p>Asociaci\u00f3n Salud y Ayuda Mutua (ASAM). Hip\u00f3lito S\u00e1nchez.&nbsp;<\/p>\n\n\n\n<p>Asociaci\u00f3n Aragonesa Pro Salud Mental (ASAPME). Francisco Gonz\u00e1lez Montesinos.&nbsp;<\/p>\n\n\n\n<p>Asociaci\u00f3n de Familiares y Amigos Enfermos Ps\u00edquicos (AFAEP). Francisco Vill\u00e9n.&nbsp;<\/p>\n\n\n\n<p>Cristina de la Mora y Faustino Garc\u00eda Cacho. Miembros independientes.&nbsp;<\/p>\n<\/div><\/div>\n<\/div>\n\n\n\n<div class=\"wp-block-gutena-accordion-panel gutena-accordion-block__panel\">\n<div class=\"wp-block-gutena-accordion-panel-title gutena-accordion-block__panel-title\"><div class=\"gutena-accordion-block__panel-title-inner\">\n<h4 class=\"wp-block-heading has-text-align-left\" style=\"margin-top:0px;margin-right:0px;margin-bottom:0px;margin-left:0px\">STEERING COMMITEE<\/h4>\n<div class=\"trigger-up-down\"><div class=\"horizontal\"><\/div><div class=\"vertical\"><\/div><\/div><\/div><\/div>\n\n\n\n<div class=\"wp-block-gutena-accordion-panel-content gutena-accordion-block__panel-content\"><div class=\"gutena-accordion-block__panel-content-inner\">\n<p><strong>Directora General:<\/strong>&nbsp;<\/p>\n\n\n\n<p>Elena Biurrun&nbsp;<\/p>\n\n\n\n<p><strong>Director de Atenci\u00f3n Social:<\/strong>&nbsp;<\/p>\n\n\n\n<p>Ra\u00fal G\u00f3mez&nbsp;<\/p>\n\n\n\n<p><strong>Director Relaciones con las Administraciones P\u00fablicas:<\/strong>&nbsp;<\/p>\n\n\n\n<p>Gregorio Bercedo&nbsp;<\/p>\n\n\n\n<p><strong>Director Apoyos y \u00c1mbito Penitenciario:<\/strong>&nbsp;<\/p>\n\n\n\n<p>Javier Pallar\u00e9s&nbsp;<\/p>\n\n\n\n<p><strong>Directora de Empleo:<\/strong>&nbsp;<\/p>\n\n\n\n<p>Sonia Carral\u00f3n&nbsp;<\/p>\n\n\n\n<p><strong>Directora de Bienestar y Desarrollo:<\/strong>&nbsp;<\/p>\n\n\n\n<p>M\u00f3nica Contreras&nbsp;<\/p>\n\n\n\n<p><strong>Directora de Comunicaci\u00f3n y Relaciones Institucionales:<\/strong>&nbsp;<\/p>\n\n\n\n<p>Helena de Carlos&nbsp;<\/p>\n\n\n\n<p><strong>Dir. Gesti\u00f3n Financiera y de Servicios Generales:<\/strong>&nbsp;<\/p>\n\n\n\n<p>Sebasti\u00e1n Pach\u00f3n&nbsp;<\/p>\n\n\n\n<p><strong>Directora T\u00e9cnica y de Innovaci\u00f3n:<\/strong>&nbsp;<\/p>\n\n\n\n<p>Sara Toledano&nbsp;<\/p>\n<\/div><\/div>\n<\/div>\n<\/div>\n","protected":false},"excerpt":{"rendered":"<p>Since 1995, Fundaci\u00f3n Manantial, a non-profit organisation, has been dedicated to revolutionising health and social care for mental health. Born from the initiative of family associations, our foundation focuses on the comprehensive recovery of people with mental health conditions. We offer a range of services, including social care, employment opportunities, legal protection and reintegration from [&hellip;]<\/p>\n","protected":false},"author":1,"featured_media":11393,"parent":0,"menu_order":0,"comment_status":"closed","ping_status":"closed","template":"","meta":{"_acf_changed":false,"give_campaign_id":0,"_seopress_robots_primary_cat":"","_seopress_titles_title":"Us and Mental Health - Fundaci\u00f3n Manantial","_seopress_titles_desc":"Find out why Fundaci\u00f3n Manantial is a leader in providing health and social care for mental health, with a focus on comprehensive recovery, respect for rights and commitment to sustainability.","_seopress_robots_index":"","footnotes":""},"class_list":["post-2568","page","type-page","status-publish","has-post-thumbnail","hentry"],"acf":[],"campaignId":"","_links":{"self":[{"href":"https:\/\/www.fundacionmanantial.org\/en\/wp-json\/wp\/v2\/pages\/2568","targetHints":{"allow":["GET"]}}],"collection":[{"href":"https:\/\/www.fundacionmanantial.org\/en\/wp-json\/wp\/v2\/pages"}],"about":[{"href":"https:\/\/www.fundacionmanantial.org\/en\/wp-json\/wp\/v2\/types\/page"}],"author":[{"embeddable":true,"href":"https:\/\/www.fundacionmanantial.org\/en\/wp-json\/wp\/v2\/users\/1"}],"replies":[{"embeddable":true,"href":"https:\/\/www.fundacionmanantial.org\/en\/wp-json\/wp\/v2\/comments?post=2568"}],"version-history":[{"count":0,"href":"https:\/\/www.fundacionmanantial.org\/en\/wp-json\/wp\/v2\/pages\/2568\/revisions"}],"wp:featuredmedia":[{"embeddable":true,"href":"https:\/\/www.fundacionmanantial.org\/en\/wp-json\/wp\/v2\/media\/11393"}],"wp:attachment":[{"href":"https:\/\/www.fundacionmanantial.org\/en\/wp-json\/wp\/v2\/media?parent=2568"}],"curies":[{"name":"wp","href":"https:\/\/api.w.org\/{rel}","templated":true}]}}